{"id":5,"date":"2013-01-18T16:35:15","date_gmt":"2013-01-18T14:35:15","guid":{"rendered":"http:\/\/www.lehtosaari.fi\/?page_id=5"},"modified":"2023-12-30T20:03:37","modified_gmt":"2023-12-30T18:03:37","slug":"yhteystiedot","status":"publish","type":"page","link":"http:\/\/www.lehtosaari.fi\/lehtosaari\/yhteystiedot\/","title":{"rendered":"Yhteystiedot"},"content":{"rendered":"<p><em><a href=\"http:\/\/www.lehtosaari.fi\/?attachment_id=30\" rel=\"attachment wp-att-30\"><img loading=\"lazy\" decoding=\"async\" class=\"alignnone size-full wp-image-30\" src=\"http:\/\/www.lehtosaari.fi\/lehtosaari\/wp-content\/uploads\/2013\/01\/Flag_of_Finland.svg_.png\" alt=\"Flag_of_Finland.svg\" width=\"50\" height=\"29\" \/><\/a><\/em>Henkil\u00f6t jotka blogaavat t\u00e4ll\u00e4 sivulla voi tavoittaa k\u00e4ytt\u00e4m\u00e4ll\u00e4 oikeita nimi\u00e4 s\u00e4hk\u00f6postissa jonka muoto on<\/p>\n<p><em>etunimi @ sukunimi .fi<\/em><\/p>\n<p>Kaikki ovat my\u00f6s tavoitettavissa monella muullakin tavalla mm. puhelimitse, signalilla ym.<\/p>\n<p><a href=\"http:\/\/www.lehtosaari.fi\/?attachment_id=31\" rel=\"attachment wp-att-31\"><img loading=\"lazy\" decoding=\"async\" class=\"alignnone size-full wp-image-31\" src=\"http:\/\/www.lehtosaari.fi\/lehtosaari\/wp-content\/uploads\/2013\/01\/Flag_of_the_United_Kingdom.svg_.png\" alt=\"Flag_of_the_United_Kingdom.svg\" width=\"50\" height=\"25\" \/><\/a>Persons blogging on this page can be contacted by using real names in email like:<\/p>\n<p><em>firstname @ lastname .fi<\/em><\/p>\n<p>All are also reachable e.g. via phone, signal etc.<\/p>\n","protected":false},"excerpt":{"rendered":"<p>Henkil\u00f6t jotka blogaavat t\u00e4ll\u00e4 sivulla voi tavoittaa k\u00e4ytt\u00e4m\u00e4ll\u00e4 oikeita nimi\u00e4 s\u00e4hk\u00f6postissa jonka muoto on etunimi @ sukunimi .fi Kaikki ovat my\u00f6s tavoitettavissa monella muullakin tavalla mm. puhelimitse, signalilla ym. Persons blogging on this page can be contacted by using real names in email like: firstname @ lastname .fi All are also reachable e.g. via phone, &hellip; <a href=\"http:\/\/www.lehtosaari.fi\/lehtosaari\/yhteystiedot\/\" class=\"more-link\">Continue reading<span class=\"screen-reader-text\"> &#8220;Yhteystiedot&#8221;<\/span><\/a><\/p>\n","protected":false},"author":2,"featured_media":0,"parent":0,"menu_order":0,"comment_status":"open","ping_status":"open","template":"","meta":{"footnotes":"","_links_to":"","_links_to_target":""},"class_list":["post-5","page","type-page","status-publish","hentry"],"yoast_head":"<!-- This site is optimized with the Yoast SEO plugin v27.5 - https:\/\/yoast.com\/product\/yoast-seo-wordpress\/ -->\n<title>Yhteystiedot - Lehtosaari.fi<\/title>\n<meta name=\"robots\" content=\"index, follow, max-snippet:-1, max-image-preview:large, max-video-preview:-1\" \/>\n<link rel=\"canonical\" href=\"http:\/\/www.lehtosaari.fi\/lehtosaari\/yhteystiedot\/\" \/>\n<meta property=\"og:locale\" content=\"en_US\" \/>\n<meta property=\"og:type\" content=\"article\" \/>\n<meta property=\"og:title\" content=\"Yhteystiedot - Lehtosaari.fi\" \/>\n<meta property=\"og:description\" content=\"Henkil\u00f6t jotka blogaavat t\u00e4ll\u00e4 sivulla voi tavoittaa k\u00e4ytt\u00e4m\u00e4ll\u00e4 oikeita nimi\u00e4 s\u00e4hk\u00f6postissa jonka muoto on etunimi @ sukunimi .fi Kaikki ovat my\u00f6s tavoitettavissa monella muullakin tavalla mm. puhelimitse, signalilla ym. Persons blogging on this page can be contacted by using real names in email like: firstname @ lastname .fi All are also reachable e.g. via phone, &hellip; Continue reading &quot;Yhteystiedot&quot;\" \/>\n<meta property=\"og:url\" content=\"http:\/\/www.lehtosaari.fi\/lehtosaari\/yhteystiedot\/\" \/>\n<meta property=\"og:site_name\" content=\"Lehtosaari.fi\" \/>\n<meta property=\"article:publisher\" content=\"https:\/\/www.facebook.com\/velipekka.lehtosaari\" \/>\n<meta property=\"article:modified_time\" content=\"2023-12-30T18:03:37+00:00\" \/>\n<meta property=\"og:image\" content=\"http:\/\/www.lehtosaari.fi\/lehtosaari\/wp-content\/uploads\/2013\/01\/Flag_of_Finland.svg_.png\" \/>\n<meta name=\"twitter:card\" content=\"summary_large_image\" \/>\n<meta name=\"twitter:site\" content=\"@vplehto\" \/>\n<meta name=\"twitter:label1\" content=\"Est. reading time\" \/>\n\t<meta name=\"twitter:data1\" content=\"1 minute\" \/>\n<script type=\"application\/ld+json\" class=\"yoast-schema-graph\">{\"@context\":\"https:\\\/\\\/schema.org\",\"@graph\":[{\"@type\":\"WebPage\",\"@id\":\"http:\\\/\\\/www.lehtosaari.fi\\\/lehtosaari\\\/yhteystiedot\\\/\",\"url\":\"http:\\\/\\\/www.lehtosaari.fi\\\/lehtosaari\\\/yhteystiedot\\\/\",\"name\":\"Yhteystiedot - Lehtosaari.fi\",\"isPartOf\":{\"@id\":\"http:\\\/\\\/www.lehtosaari.fi\\\/lehtosaari\\\/#website\"},\"primaryImageOfPage\":{\"@id\":\"http:\\\/\\\/www.lehtosaari.fi\\\/lehtosaari\\\/yhteystiedot\\\/#primaryimage\"},\"image\":{\"@id\":\"http:\\\/\\\/www.lehtosaari.fi\\\/lehtosaari\\\/yhteystiedot\\\/#primaryimage\"},\"thumbnailUrl\":\"http:\\\/\\\/www.lehtosaari.fi\\\/lehtosaari\\\/wp-content\\\/uploads\\\/2013\\\/01\\\/Flag_of_Finland.svg_.png\",\"datePublished\":\"2013-01-18T14:35:15+00:00\",\"dateModified\":\"2023-12-30T18:03:37+00:00\",\"inLanguage\":\"en-US\",\"potentialAction\":[{\"@type\":\"ReadAction\",\"target\":[\"http:\\\/\\\/www.lehtosaari.fi\\\/lehtosaari\\\/yhteystiedot\\\/\"]}]},{\"@type\":\"ImageObject\",\"inLanguage\":\"en-US\",\"@id\":\"http:\\\/\\\/www.lehtosaari.fi\\\/lehtosaari\\\/yhteystiedot\\\/#primaryimage\",\"url\":\"http:\\\/\\\/www.lehtosaari.fi\\\/lehtosaari\\\/wp-content\\\/uploads\\\/2013\\\/01\\\/Flag_of_Finland.svg_.png\",\"contentUrl\":\"http:\\\/\\\/www.lehtosaari.fi\\\/lehtosaari\\\/wp-content\\\/uploads\\\/2013\\\/01\\\/Flag_of_Finland.svg_.png\",\"width\":125,\"height\":76},{\"@type\":\"WebSite\",\"@id\":\"http:\\\/\\\/www.lehtosaari.fi\\\/lehtosaari\\\/#website\",\"url\":\"http:\\\/\\\/www.lehtosaari.fi\\\/lehtosaari\\\/\",\"name\":\"Lehtosaari.fi\",\"description\":\"Lehtosaari Veli-Pekka kuulumiset.\",\"publisher\":{\"@id\":\"http:\\\/\\\/www.lehtosaari.fi\\\/lehtosaari\\\/#\\\/schema\\\/person\\\/611e219337ca0640ca4d1a4f104789d6\"},\"potentialAction\":[{\"@type\":\"SearchAction\",\"target\":{\"@type\":\"EntryPoint\",\"urlTemplate\":\"http:\\\/\\\/www.lehtosaari.fi\\\/lehtosaari\\\/?s={search_term_string}\"},\"query-input\":{\"@type\":\"PropertyValueSpecification\",\"valueRequired\":true,\"valueName\":\"search_term_string\"}}],\"inLanguage\":\"en-US\"},{\"@type\":[\"Person\",\"Organization\"],\"@id\":\"http:\\\/\\\/www.lehtosaari.fi\\\/lehtosaari\\\/#\\\/schema\\\/person\\\/611e219337ca0640ca4d1a4f104789d6\",\"name\":\"Veli-Pekka Lehtosaari\",\"image\":{\"@type\":\"ImageObject\",\"inLanguage\":\"en-US\",\"@id\":\"http:\\\/\\\/www.lehtosaari.fi\\\/lehtosaari\\\/wp-content\\\/uploads\\\/2022\\\/09\\\/IMG_20220903_105353-scaled.jpg\",\"url\":\"http:\\\/\\\/www.lehtosaari.fi\\\/lehtosaari\\\/wp-content\\\/uploads\\\/2022\\\/09\\\/IMG_20220903_105353-scaled.jpg\",\"contentUrl\":\"http:\\\/\\\/www.lehtosaari.fi\\\/lehtosaari\\\/wp-content\\\/uploads\\\/2022\\\/09\\\/IMG_20220903_105353-scaled.jpg\",\"width\":2560,\"height\":1440,\"caption\":\"Veli-Pekka Lehtosaari\"},\"logo\":{\"@id\":\"http:\\\/\\\/www.lehtosaari.fi\\\/lehtosaari\\\/wp-content\\\/uploads\\\/2022\\\/09\\\/IMG_20220903_105353-scaled.jpg\"},\"description\":\"Veli-Pekka Lehtosaari, most call me VP, age 52 (2025), CEO, Consult, M.Sc.(Tech), Electronics, ICT 1997, Single, 2 children (Girls), Hobbies: ICT, Motor Sports, Snowboarding, Politics.\",\"sameAs\":[\"http:\\\/\\\/www.lehtosaari.fi\",\"https:\\\/\\\/www.facebook.com\\\/velipekka.lehtosaari\",\"https:\\\/\\\/www.instagram.com\\\/vplehto\\\/\",\"https:\\\/\\\/www.linkedin.com\\\/in\\\/veli-pekka-lehtosaari-88a00521\\\/\",\"https:\\\/\\\/x.com\\\/vplehto\",\"https:\\\/\\\/www.youtube.com\\\/vplehto\"]}]}<\/script>\n<!-- \/ Yoast SEO plugin. -->","yoast_head_json":{"title":"Yhteystiedot - Lehtosaari.fi","robots":{"index":"index","follow":"follow","max-snippet":"max-snippet:-1","max-image-preview":"max-image-preview:large","max-video-preview":"max-video-preview:-1"},"canonical":"http:\/\/www.lehtosaari.fi\/lehtosaari\/yhteystiedot\/","og_locale":"en_US","og_type":"article","og_title":"Yhteystiedot - Lehtosaari.fi","og_description":"Henkil\u00f6t jotka blogaavat t\u00e4ll\u00e4 sivulla voi tavoittaa k\u00e4ytt\u00e4m\u00e4ll\u00e4 oikeita nimi\u00e4 s\u00e4hk\u00f6postissa jonka muoto on etunimi @ sukunimi .fi Kaikki ovat my\u00f6s tavoitettavissa monella muullakin tavalla mm. puhelimitse, signalilla ym. Persons blogging on this page can be contacted by using real names in email like: firstname @ lastname .fi All are also reachable e.g. via phone, &hellip; Continue reading \"Yhteystiedot\"","og_url":"http:\/\/www.lehtosaari.fi\/lehtosaari\/yhteystiedot\/","og_site_name":"Lehtosaari.fi","article_publisher":"https:\/\/www.facebook.com\/velipekka.lehtosaari","article_modified_time":"2023-12-30T18:03:37+00:00","og_image":[{"url":"http:\/\/www.lehtosaari.fi\/lehtosaari\/wp-content\/uploads\/2013\/01\/Flag_of_Finland.svg_.png","type":"","width":"","height":""}],"twitter_card":"summary_large_image","twitter_site":"@vplehto","twitter_misc":{"Est. reading time":"1 minute"},"schema":{"@context":"https:\/\/schema.org","@graph":[{"@type":"WebPage","@id":"http:\/\/www.lehtosaari.fi\/lehtosaari\/yhteystiedot\/","url":"http:\/\/www.lehtosaari.fi\/lehtosaari\/yhteystiedot\/","name":"Yhteystiedot - Lehtosaari.fi","isPartOf":{"@id":"http:\/\/www.lehtosaari.fi\/lehtosaari\/#website"},"primaryImageOfPage":{"@id":"http:\/\/www.lehtosaari.fi\/lehtosaari\/yhteystiedot\/#primaryimage"},"image":{"@id":"http:\/\/www.lehtosaari.fi\/lehtosaari\/yhteystiedot\/#primaryimage"},"thumbnailUrl":"http:\/\/www.lehtosaari.fi\/lehtosaari\/wp-content\/uploads\/2013\/01\/Flag_of_Finland.svg_.png","datePublished":"2013-01-18T14:35:15+00:00","dateModified":"2023-12-30T18:03:37+00:00","inLanguage":"en-US","potentialAction":[{"@type":"ReadAction","target":["http:\/\/www.lehtosaari.fi\/lehtosaari\/yhteystiedot\/"]}]},{"@type":"ImageObject","inLanguage":"en-US","@id":"http:\/\/www.lehtosaari.fi\/lehtosaari\/yhteystiedot\/#primaryimage","url":"http:\/\/www.lehtosaari.fi\/lehtosaari\/wp-content\/uploads\/2013\/01\/Flag_of_Finland.svg_.png","contentUrl":"http:\/\/www.lehtosaari.fi\/lehtosaari\/wp-content\/uploads\/2013\/01\/Flag_of_Finland.svg_.png","width":125,"height":76},{"@type":"WebSite","@id":"http:\/\/www.lehtosaari.fi\/lehtosaari\/#website","url":"http:\/\/www.lehtosaari.fi\/lehtosaari\/","name":"Lehtosaari.fi","description":"Lehtosaari Veli-Pekka kuulumiset.","publisher":{"@id":"http:\/\/www.lehtosaari.fi\/lehtosaari\/#\/schema\/person\/611e219337ca0640ca4d1a4f104789d6"},"potentialAction":[{"@type":"SearchAction","target":{"@type":"EntryPoint","urlTemplate":"http:\/\/www.lehtosaari.fi\/lehtosaari\/?s={search_term_string}"},"query-input":{"@type":"PropertyValueSpecification","valueRequired":true,"valueName":"search_term_string"}}],"inLanguage":"en-US"},{"@type":["Person","Organization"],"@id":"http:\/\/www.lehtosaari.fi\/lehtosaari\/#\/schema\/person\/611e219337ca0640ca4d1a4f104789d6","name":"Veli-Pekka Lehtosaari","image":{"@type":"ImageObject","inLanguage":"en-US","@id":"http:\/\/www.lehtosaari.fi\/lehtosaari\/wp-content\/uploads\/2022\/09\/IMG_20220903_105353-scaled.jpg","url":"http:\/\/www.lehtosaari.fi\/lehtosaari\/wp-content\/uploads\/2022\/09\/IMG_20220903_105353-scaled.jpg","contentUrl":"http:\/\/www.lehtosaari.fi\/lehtosaari\/wp-content\/uploads\/2022\/09\/IMG_20220903_105353-scaled.jpg","width":2560,"height":1440,"caption":"Veli-Pekka Lehtosaari"},"logo":{"@id":"http:\/\/www.lehtosaari.fi\/lehtosaari\/wp-content\/uploads\/2022\/09\/IMG_20220903_105353-scaled.jpg"},"description":"Veli-Pekka Lehtosaari, most call me VP, age 52 (2025), CEO, Consult, M.Sc.(Tech), Electronics, ICT 1997, Single, 2 children (Girls), Hobbies: ICT, Motor Sports, Snowboarding, Politics.","sameAs":["http:\/\/www.lehtosaari.fi","https:\/\/www.facebook.com\/velipekka.lehtosaari","https:\/\/www.instagram.com\/vplehto\/","https:\/\/www.linkedin.com\/in\/veli-pekka-lehtosaari-88a00521\/","https:\/\/x.com\/vplehto","https:\/\/www.youtube.com\/vplehto"]}]}},"jetpack_sharing_enabled":true,"_links":{"self":[{"href":"http:\/\/www.lehtosaari.fi\/lehtosaari\/wp-json\/wp\/v2\/pages\/5","targetHints":{"allow":["GET"]}}],"collection":[{"href":"http:\/\/www.lehtosaari.fi\/lehtosaari\/wp-json\/wp\/v2\/pages"}],"about":[{"href":"http:\/\/www.lehtosaari.fi\/lehtosaari\/wp-json\/wp\/v2\/types\/page"}],"author":[{"embeddable":true,"href":"http:\/\/www.lehtosaari.fi\/lehtosaari\/wp-json\/wp\/v2\/users\/2"}],"replies":[{"embeddable":true,"href":"http:\/\/www.lehtosaari.fi\/lehtosaari\/wp-json\/wp\/v2\/comments?post=5"}],"version-history":[{"count":12,"href":"http:\/\/www.lehtosaari.fi\/lehtosaari\/wp-json\/wp\/v2\/pages\/5\/revisions"}],"predecessor-version":[{"id":584,"href":"http:\/\/www.lehtosaari.fi\/lehtosaari\/wp-json\/wp\/v2\/pages\/5\/revisions\/584"}],"wp:attachment":[{"href":"http:\/\/www.lehtosaari.fi\/lehtosaari\/wp-json\/wp\/v2\/media?parent=5"}],"curies":[{"name":"wp","href":"https:\/\/api.w.org\/{rel}","templated":true}]}}